{"id":1482,"date":"2019-10-17T20:14:01","date_gmt":"2019-10-17T19:14:01","guid":{"rendered":"https:\/\/adriaticcoaching.com\/?page_id=1482"},"modified":"2020-04-13T20:44:54","modified_gmt":"2020-04-13T19:44:54","slug":"official-october-zadar-half-triathlon-training-camp-2020-by-adriatic-coaching","status":"publish","type":"page","link":"https:\/\/adriaticcoaching.com\/en\/official-october-zadar-half-triathlon-training-camp-2020-by-adriatic-coaching\/","title":{"rendered":"Official Zadar Half Triathlon Training Camp 2020 by Adriatic Coaching, October 2020"},"content":{"rendered":"<div>\n<div><\/div>\n<\/div>\n<div>\n<p>Date: Sat 3 Oct\u2013 Fri 9 Oct 2020<br \/>\nDuration: 7 days (optional 3 days)<br \/>\nLocation: \u00a0<a href=\"https:\/\/goo.gl\/maps\/1UsMwv9T79rARmQR6\" target=\"_blank\" rel=\"noopener noreferrer\">Punta Skala<\/a>, Zadar region, Croatia.<br \/>\nFocus: triathlon training,\u00a0video analysis, lectures, race day strategy, injury prevention.<br \/>\nCoaches: Dejan Patr\u010devi\u0107, Marino Juki\u0107.<br \/>\nAccommodation:\u00a0<a href=\"https:\/\/www.falkensteiner.com\/en\/punta-skala\/\" target=\"_blank\" rel=\"noopener noreferrer\">Punta Skala Falkensteiner resort <\/a>with special prices for athletes <a href=\"\/?page_id=1704\">available here<\/a><br \/>\nPrice:\u00a0400 EUR for 7 day camp, 200 EUR for 3 day camp\u00a0(do not include accommodation and travel costs)<br \/>\nPartners:<a href=\"https:\/\/www.aviokarte.hr\/\" target=\"_blank\" rel=\"noopener noreferrer\">\u00a0Aviokarte.hr<\/a>,\u00a0<a href=\"https:\/\/www.gacka16.com\/\" target=\"_blank\" rel=\"noopener noreferrer\">Gacka 16<\/a>,\u00a0<a href=\"https:\/\/www.decathlon.hr\/\" target=\"_blank\" rel=\"noopener noreferrer\">Decathlon<\/a><br \/>\nCamp Schedule (<a href=\"https:\/\/docs.google.com\/document\/d\/1dAle2dPuBwcFeDtCYi98KIFxLvlrtmr0STCPtsWoZlY\/edit?usp=sharing\" target=\"_blank\" rel=\"noopener noreferrer\">provisional<\/a>)<\/p>\n<\/div>\n<div>\n<p><strong>BOOK NOW<\/strong><br \/>\nCall Dejan at <a href=\"tel:+385911904649\">+385 91 190 4649<\/a><br \/>\nEmail Dejan at\u00a0<a href=\"mailto:dejan@adriaticcoaching.com\" target=\"_blank\" rel=\"noopener noreferrer\">dejan@adriaticcoaching.com<\/a><br \/>\nPlease apply by filling the\u00a0<a href=\"https:\/\/forms.gle\/FsQPN367TPifmmkt6\" target=\"_blank\" rel=\"noopener noreferrer\">online application form<\/a><\/p>\n<\/div>\n<p>If you are considering to participate in the <a href=\"http:\/\/zadarhalf.com\">7th Falkensteiner Punta Skala Triathlon 2020 (\u201cZadar Half\u201d)<\/a>, take advantage in discovering some of the pre-race training special tips and tricks by joining the Official Zadar Half Triathlon Training Camp 2020 by Adriatic Coaching. The camp will provide trainings on the actual race course in all three triathlon disciplines, as well as analyse your performance using the video analysis thus allowing you to improve your swim stroke, bike position and run posture. If you do not feel like participating in the Zadar Half race as a single competitor, you may participate in the relay team or just take advantage of the camp programme. Tha camp will end one day before Zadar Half Triathlon race.<\/p>\n<p>Join us and experience the morning open water swim in the clear blue beautiful Adriatic sea, bike on the amazing Dalmatian roads with breathtaking views and run through the unique landscapes including the historic city of \u00a0Zadar on the UNESCO World Heritage List.<\/p>\n<p><b>By joining the camp, you will learn from the best. Dejan Patr\u010devi\u0107, founder of the Adriatic Coaching and head coach of the camp, is the Ironman Pro athlete, holder of the official Ironman Croatian record, winner of the 4th Falkensteiner Punta Skala Triathlon race in 2016 and winner of the Wings for Life World\u00a0 Run Race in Zadar in 2016.\u00a0\u00a0<\/b><\/p>\n<p><b>Objective:<\/b><span style=\"font-weight: 400;\"> training all the three triathlon disciplines in the stunning landscapes (open water swim, cycling and running) in the small groups, thus allowing the individual approach to each athlete. Besides triathlon training, camp includes video analysis, lectures, race day strategy, injury prevention, as well as strength and stretching sessions.<\/span><\/p>\n<p><b>Location and accommodation:<\/b> <span style=\"font-weight: 400;\">Punta Skala Falkensteiner resort (Petr\u010dane, Zadar, Croatia).\u00a0\u00a0<\/span><br \/>\n<span style=\"font-weight: 400;\">Camp participants are required to make their own booking at one of the Punta Skala Falkensteiner resort accommodation facilities, including Hotel &amp; Spa Iadera, Family hotel Diadora, Premium Apartments Senia. Participants are eligible to use<strong> special discount prices<\/strong> and the booking should be arranged directly with the Punta Skala Falkensteiner resort by contacting Falkensteiner Croatia at <\/span><a href=\"mailto:croatia@falkensteiner.com\"><span style=\"font-weight: 400;\">croatia@falkensteiner.com<\/span><\/a><span style=\"font-weight: 400;\"> and emphasizing that the request for booking is the Official Zadar Half Triathlon Training Camp by Adriatic Coaching. <\/span><\/p>\n<p><b>Travel arrangements:\u00a0<\/b><span style=\"font-weight: 400;\">Athletes are responsible for making their travel arrangement to the Punta Skala Falkensteiner resort in Petr\u010dane, Zadar, Croatia.<\/span><\/p>\n<p><b>Bike rental: <\/b><span style=\"font-weight: 400;\">Athletes who wish to travel bike free can rent a very good quality road bike. Please send us an inquiry about bike rental, and we shall inform you about bike rental possibilities.<\/span><\/p>\n<p><b>Camp price includes: <span style=\"font-weight: 400;\">All the training sessions, video analysis and lectures, access to 25m outdoor pool for swim workouts.<\/span><br \/>\nCamp price excludes: <span style=\"font-weight: 400;\">Accommodation, meals, travel to and from the Punta Skala Falkensteiner resort in Petr\u010dane, Zadar, Croatia, bike rental if needed, insurance.<\/span><br \/>\n<span style=\"font-weight: 400;\">S<\/span><span style=\"font-weight: 400;\">pecial discount amounting to 10% to the balance payment is offered to athletes participating in the \u00a0<\/span><a href=\"http:\/\/zadarhalf.com\">7th Falkensteiner Punta Scala Triathlon 2020<span style=\"font-weight: 400;\">\u00a0(\u201c<\/span>Zadar Half\u201d<span style=\"font-weight: 400;\">)<\/span><\/a><span style=\"font-weight: 400;\">.<\/span><\/b><\/p>\n<p><b>Final date to apply:<\/b><span style=\"font-weight: 400;\"> 2 Sep 2020, or until reaching the camp reaches the full capacity (limited to 25 athletes)<\/span><\/p>\n","protected":false},"excerpt":{"rendered":"<p>Date: Sat 3 Oct\u2013 Fri 9 Oct 2020 Duration: 7 days (optional 3 days) Location: \u00a0Punta Skala, Zadar region, Croatia. Focus: triathlon training,\u00a0video analysis, lectures, race day strategy, injury prevention. Coaches: Dejan Patr\u010devi\u0107, Marino Juki\u0107. Accommodation:\u00a0Punta Skala Falkensteiner resort with special prices for athletes available here Price:\u00a0400 EUR for 7 day camp, 200 EUR for [&hellip;]<\/p>\n","protected":false},"author":2,"featured_media":0,"parent":0,"menu_order":0,"comment_status":"closed","ping_status":"closed","template":"","meta":{"footnotes":""},"class_list":["post-1482","page","type-page","status-publish","hentry"],"yoast_head":"<!-- This site is optimized with the Yoast SEO plugin v24.2 - https:\/\/yoast.com\/wordpress\/plugins\/seo\/ -->\n<title>Official Zadar Half Triathlon Training Camp 2020 by Adriatic Coaching, October 2020 - AdriaticCoaching.com<\/title>\n<meta name=\"robots\" content=\"index, follow, max-snippet:-1, max-image-preview:large, max-video-preview:-1\" \/>\n<link rel=\"canonical\" href=\"https:\/\/adriaticcoaching.com\/en\/official-october-zadar-half-triathlon-training-camp-2020-by-adriatic-coaching\/\" \/>\n<meta property=\"og:locale\" content=\"en_US\" \/>\n<meta property=\"og:type\" content=\"article\" \/>\n<meta property=\"og:title\" content=\"Official Zadar Half Triathlon Training Camp 2020 by Adriatic Coaching, October 2020 - AdriaticCoaching.com\" \/>\n<meta property=\"og:description\" content=\"Date: Sat 3 Oct\u2013 Fri 9 Oct 2020 Duration: 7 days (optional 3 days) Location: \u00a0Punta Skala, Zadar region, Croatia. Focus: triathlon training,\u00a0video analysis, lectures, race day strategy, injury prevention. Coaches: Dejan Patr\u010devi\u0107, Marino Juki\u0107. Accommodation:\u00a0Punta Skala Falkensteiner resort with special prices for athletes available here Price:\u00a0400 EUR for 7 day camp, 200 EUR for [&hellip;]\" \/>\n<meta property=\"og:url\" content=\"https:\/\/adriaticcoaching.com\/en\/official-october-zadar-half-triathlon-training-camp-2020-by-adriatic-coaching\/\" \/>\n<meta property=\"og:site_name\" content=\"AdriaticCoaching.com\" \/>\n<meta property=\"article:modified_time\" content=\"2020-04-13T19:44:54+00:00\" \/>\n<meta name=\"twitter:card\" content=\"summary_large_image\" \/>\n<meta name=\"twitter:label1\" content=\"Est. reading time\" \/>\n\t<meta name=\"twitter:data1\" content=\"3 minutes\" \/>\n<script type=\"application\/ld+json\" class=\"yoast-schema-graph\">{\"@context\":\"https:\/\/schema.org\",\"@graph\":[{\"@type\":\"WebPage\",\"@id\":\"https:\/\/adriaticcoaching.com\/en\/official-october-zadar-half-triathlon-training-camp-2020-by-adriatic-coaching\/\",\"url\":\"https:\/\/adriaticcoaching.com\/en\/official-october-zadar-half-triathlon-training-camp-2020-by-adriatic-coaching\/\",\"name\":\"Official Zadar Half Triathlon Training Camp 2020 by Adriatic Coaching, October 2020 - AdriaticCoaching.com\",\"isPartOf\":{\"@id\":\"https:\/\/adriaticcoaching.com\/#website\"},\"datePublished\":\"2019-10-17T19:14:01+00:00\",\"dateModified\":\"2020-04-13T19:44:54+00:00\",\"breadcrumb\":{\"@id\":\"https:\/\/adriaticcoaching.com\/en\/official-october-zadar-half-triathlon-training-camp-2020-by-adriatic-coaching\/#breadcrumb\"},\"inLanguage\":\"en-US\",\"potentialAction\":[{\"@type\":\"ReadAction\",\"target\":[\"https:\/\/adriaticcoaching.com\/en\/official-october-zadar-half-triathlon-training-camp-2020-by-adriatic-coaching\/\"]}]},{\"@type\":\"BreadcrumbList\",\"@id\":\"https:\/\/adriaticcoaching.com\/en\/official-october-zadar-half-triathlon-training-camp-2020-by-adriatic-coaching\/#breadcrumb\",\"itemListElement\":[{\"@type\":\"ListItem\",\"position\":1,\"name\":\"Home\",\"item\":\"https:\/\/adriaticcoaching.com\/en\/\"},{\"@type\":\"ListItem\",\"position\":2,\"name\":\"Official Zadar Half Triathlon Training Camp 2020 by Adriatic Coaching, October 2020\"}]},{\"@type\":\"WebSite\",\"@id\":\"https:\/\/adriaticcoaching.com\/#website\",\"url\":\"https:\/\/adriaticcoaching.com\/\",\"name\":\"AdriaticCoaching.com\",\"description\":\"Adriatic Coaching, triathlon, cycling, running coaching by Dejan Patrcevic\",\"potentialAction\":[{\"@type\":\"SearchAction\",\"target\":{\"@type\":\"EntryPoint\",\"urlTemplate\":\"https:\/\/adriaticcoaching.com\/?s={search_term_string}\"},\"query-input\":{\"@type\":\"PropertyValueSpecification\",\"valueRequired\":true,\"valueName\":\"search_term_string\"}}],\"inLanguage\":\"en-US\"}]}<\/script>\n<!-- \/ Yoast SEO plugin. -->","yoast_head_json":{"title":"Official Zadar Half Triathlon Training Camp 2020 by Adriatic Coaching, October 2020 - AdriaticCoaching.com","robots":{"index":"index","follow":"follow","max-snippet":"max-snippet:-1","max-image-preview":"max-image-preview:large","max-video-preview":"max-video-preview:-1"},"canonical":"https:\/\/adriaticcoaching.com\/en\/official-october-zadar-half-triathlon-training-camp-2020-by-adriatic-coaching\/","og_locale":"en_US","og_type":"article","og_title":"Official Zadar Half Triathlon Training Camp 2020 by Adriatic Coaching, October 2020 - AdriaticCoaching.com","og_description":"Date: Sat 3 Oct\u2013 Fri 9 Oct 2020 Duration: 7 days (optional 3 days) Location: \u00a0Punta Skala, Zadar region, Croatia. Focus: triathlon training,\u00a0video analysis, lectures, race day strategy, injury prevention. Coaches: Dejan Patr\u010devi\u0107, Marino Juki\u0107. Accommodation:\u00a0Punta Skala Falkensteiner resort with special prices for athletes available here Price:\u00a0400 EUR for 7 day camp, 200 EUR for [&hellip;]","og_url":"https:\/\/adriaticcoaching.com\/en\/official-october-zadar-half-triathlon-training-camp-2020-by-adriatic-coaching\/","og_site_name":"AdriaticCoaching.com","article_modified_time":"2020-04-13T19:44:54+00:00","twitter_card":"summary_large_image","twitter_misc":{"Est. reading time":"3 minutes"},"schema":{"@context":"https:\/\/schema.org","@graph":[{"@type":"WebPage","@id":"https:\/\/adriaticcoaching.com\/en\/official-october-zadar-half-triathlon-training-camp-2020-by-adriatic-coaching\/","url":"https:\/\/adriaticcoaching.com\/en\/official-october-zadar-half-triathlon-training-camp-2020-by-adriatic-coaching\/","name":"Official Zadar Half Triathlon Training Camp 2020 by Adriatic Coaching, October 2020 - AdriaticCoaching.com","isPartOf":{"@id":"https:\/\/adriaticcoaching.com\/#website"},"datePublished":"2019-10-17T19:14:01+00:00","dateModified":"2020-04-13T19:44:54+00:00","breadcrumb":{"@id":"https:\/\/adriaticcoaching.com\/en\/official-october-zadar-half-triathlon-training-camp-2020-by-adriatic-coaching\/#breadcrumb"},"inLanguage":"en-US","potentialAction":[{"@type":"ReadAction","target":["https:\/\/adriaticcoaching.com\/en\/official-october-zadar-half-triathlon-training-camp-2020-by-adriatic-coaching\/"]}]},{"@type":"BreadcrumbList","@id":"https:\/\/adriaticcoaching.com\/en\/official-october-zadar-half-triathlon-training-camp-2020-by-adriatic-coaching\/#breadcrumb","itemListElement":[{"@type":"ListItem","position":1,"name":"Home","item":"https:\/\/adriaticcoaching.com\/en\/"},{"@type":"ListItem","position":2,"name":"Official Zadar Half Triathlon Training Camp 2020 by Adriatic Coaching, October 2020"}]},{"@type":"WebSite","@id":"https:\/\/adriaticcoaching.com\/#website","url":"https:\/\/adriaticcoaching.com\/","name":"AdriaticCoaching.com","description":"Adriatic Coaching, triathlon, cycling, running coaching by Dejan Patrcevic","potentialAction":[{"@type":"SearchAction","target":{"@type":"EntryPoint","urlTemplate":"https:\/\/adriaticcoaching.com\/?s={search_term_string}"},"query-input":{"@type":"PropertyValueSpecification","valueRequired":true,"valueName":"search_term_string"}}],"inLanguage":"en-US"}]}},"_links":{"self":[{"href":"https:\/\/adriaticcoaching.com\/en\/wp-json\/wp\/v2\/pages\/1482","targetHints":{"allow":["GET"]}}],"collection":[{"href":"https:\/\/adriaticcoaching.com\/en\/wp-json\/wp\/v2\/pages"}],"about":[{"href":"https:\/\/adriaticcoaching.com\/en\/wp-json\/wp\/v2\/types\/page"}],"author":[{"embeddable":true,"href":"https:\/\/adriaticcoaching.com\/en\/wp-json\/wp\/v2\/users\/2"}],"replies":[{"embeddable":true,"href":"https:\/\/adriaticcoaching.com\/en\/wp-json\/wp\/v2\/comments?post=1482"}],"version-history":[{"count":18,"href":"https:\/\/adriaticcoaching.com\/en\/wp-json\/wp\/v2\/pages\/1482\/revisions"}],"predecessor-version":[{"id":1853,"href":"https:\/\/adriaticcoaching.com\/en\/wp-json\/wp\/v2\/pages\/1482\/revisions\/1853"}],"wp:attachment":[{"href":"https:\/\/adriaticcoaching.com\/en\/wp-json\/wp\/v2\/media?parent=1482"}],"curies":[{"name":"wp","href":"https:\/\/api.w.org\/{rel}","templated":true}]}}